{"id":1058,"date":"2023-11-24T15:07:09","date_gmt":"2023-11-24T15:07:09","guid":{"rendered":"https:\/\/hotelginbudapest.com\/?page_id=1058"},"modified":"2024-02-11T17:55:06","modified_gmt":"2024-02-11T17:55:06","slug":"pj-party","status":"publish","type":"page","link":"https:\/\/hotelginbudapest.com\/hu\/ajanlatok\/pj-party\/","title":{"rendered":"PJ PARTY"},"content":{"rendered":"<p>[et_pb_section fb_built=&#8221;1&#8243; _builder_version=&#8221;4.23&#8243; _module_preset=&#8221;default&#8221; background_color=&#8221;#e4e3dd&#8221; custom_margin=&#8221;||||false|false&#8221; custom_padding=&#8221;|||0px||&#8221; global_colors_info=&#8221;{}&#8221;][et_pb_row _builder_version=&#8221;4.23&#8243; _module_preset=&#8221;default&#8221; width=&#8221;95%&#8221; max_width=&#8221;2560px&#8221; global_colors_info=&#8221;{}&#8221;][et_pb_column type=&#8221;4_4&#8243; _builder_version=&#8221;4.23&#8243; _module_preset=&#8221;default&#8221; global_colors_info=&#8221;{}&#8221;][et_pb_text _builder_version=&#8221;4.23&#8243; _module_preset=&#8221;default&#8221; text_font=&#8221;ZonaPro Bold|600||on|||||&#8221; text_text_color=&#8221;#000000&#8243; text_font_size=&#8221;24px&#8221; text_letter_spacing=&#8221;3px&#8221; text_orientation=&#8221;center&#8221; custom_margin=&#8221;||10px||false|false&#8221; custom_padding=&#8221;||0px||false|false&#8221; global_colors_info=&#8221;{}&#8221;]<\/p>\n<p>PJ PARTY<\/p>\n<p>[\/et_pb_text][et_pb_divider divider_weight=&#8221;6px&#8221; _builder_version=&#8221;4.23&#8243; _module_preset=&#8221;default&#8221; max_width=&#8221;16px&#8221; module_alignment=&#8221;center&#8221; global_colors_info=&#8221;{}&#8221;][\/et_pb_divider][\/et_pb_column][\/et_pb_row][et_pb_row column_structure=&#8221;1_2,1_2&#8243; _builder_version=&#8221;4.23&#8243; _module_preset=&#8221;default&#8221; global_colors_info=&#8221;{}&#8221;][et_pb_column type=&#8221;1_2&#8243; _builder_version=&#8221;4.23&#8243; _module_preset=&#8221;default&#8221; global_colors_info=&#8221;{}&#8221;][et_pb_image src=&#8221;https:\/\/hotelginbudapest.com\/wp-content\/uploads\/2023\/11\/hotel-gin-promotions-2.jpg&#8221; title_text=&#8221;hotel gin promotions 2&#8243; _builder_version=&#8221;4.23&#8243; _module_preset=&#8221;default&#8221; max_width=&#8221;60%&#8221; max_width_tablet=&#8221;100%&#8221; max_width_phone=&#8221;100%&#8221; max_width_last_edited=&#8221;on|phone&#8221; module_alignment=&#8221;right&#8221; module_alignment_tablet=&#8221;&#8221; module_alignment_phone=&#8221;&#8221; module_alignment_last_edited=&#8221;on|tablet&#8221; global_colors_info=&#8221;{}&#8221;][\/et_pb_image][\/et_pb_column][et_pb_column type=&#8221;1_2&#8243; _builder_version=&#8221;4.23&#8243; _module_preset=&#8221;default&#8221; global_colors_info=&#8221;{}&#8221;][et_pb_text _builder_version=&#8221;4.23&#8243; _module_preset=&#8221;default&#8221; text_font=&#8221;ZonaPro Regular||||||||&#8221; text_text_color=&#8221;#000000&#8243; global_colors_info=&#8221;{}&#8221;]<\/p>\n<p>Kapd fel a pizsid \u00e9s ir\u00e1ny a Hotel Gin.\u00a0 Mi minden extr\u00e1t biztos\u00edtunk, hogy egy eml\u00e9kezetes est\u00e9t t\u00f6lts el a bar\u00e1taiddal!<\/p>\n<p>[\/et_pb_text][et_pb_text _builder_version=&#8221;4.23&#8243; _module_preset=&#8221;default&#8221; text_font=&#8221;ZonaPro Regular||||||||&#8221; text_text_color=&#8221;#000000&#8243; custom_margin=&#8221;||10px||false|false&#8221; global_colors_info=&#8221;{}&#8221;]<\/p>\n<p>Foglaljatok 2-4 ak\u00e1r 6 f\u0151 r\u00e9sz\u00e9re \u00e9s t\u00f6ltsetek egy\u00fctt egy est\u00e9t, relax\u00e1ljatok a kiv\u00e1l\u00f3 min\u0151s\u00e9g\u0171 kozmetikumokkal, n\u00e9zz\u00e9tek meg kedvenc filmeteket emell\u00e9 pedig k\u00e9sz\u00fcl\u00fcnk nektek egy kis harapnival\u00f3val \u00e9s egy \u00fcveg Gin-nel \u00e9s sok m\u00e1s extr\u00e1val, hogy igaz\u00e1n j\u00f3 legyen a hangulat.<\/p>\n<p>A csomag tartalma:<\/p>\n<p>\u2022 papucs bek\u00e9sz\u00edt\u00e9s<br \/>\u2022 szemfed\u0151<br \/>\u2022 k\u00f6nt\u00f6s bek\u00e9sz\u00edt\u00e9s<br \/>\u2022 reggeli csomag<br \/>\u2022 popcorn bek\u00e9sz\u00edt\u00e9s<br \/>\u2022 k\u00e1rtyaj\u00e1t\u00e9k<br \/>\u2022 beauty term\u00e9kek\u00a0<br \/>\u2022 gin bek\u00e9sz\u00edt\u00e9s<\/p>\n<p>[\/et_pb_text][et_pb_text _builder_version=&#8221;4.23&#8243; _module_preset=&#8221;default&#8221; text_font=&#8221;ZonaPro Regular||||||||&#8221; text_text_color=&#8221;#000000&#8243; link_text_color=&#8221;#000000&#8243; global_colors_info=&#8221;{}&#8221;]<\/p>\n<p>Foglal\u00e1s c\u00e9lj\u00e1b\u00f3l vedd fel vel\u00fcnk a kapcsolatot a<span style=\"text-decoration: underline;\"><strong> <a href=\"mailto:hello@hotelginbudapest.com\">hello@hotelginbudapest.com<\/a> <\/strong><\/span>c\u00edmen \u00e9s a t\u00e1rgyban haszn\u00e1ld a <strong>PJ PARTY<\/strong> c\u00edmet.<\/p>\n<p>[\/et_pb_text][et_pb_button button_url=&#8221;mailto:hello@hotelginbudapest.com&#8221; button_text=&#8221;foglal\u00e1s&#8221; button_alignment=&#8221;left&#8221; module_class=&#8221;pjpartyhu&#8221; _builder_version=&#8221;4.23&#8243; _module_preset=&#8221;default&#8221; custom_button=&#8221;on&#8221; button_text_size=&#8221;18px&#8221; button_text_color=&#8221;#FFFFFF&#8221; button_bg_color=&#8221;#000000&#8243; button_border_width=&#8221;5px&#8221; button_border_color=&#8221;#000000&#8243; button_border_radius=&#8221;0px&#8221; button_letter_spacing=&#8221;3px&#8221; button_font=&#8221;ZonaPro Regular|||on|||||&#8221; button_on_hover=&#8221;off&#8221; custom_padding=&#8221;|50px||30px|false|false&#8221; global_colors_info=&#8221;{}&#8221; button_bg_color__hover_enabled=&#8221;on|hover&#8221; button_bg_color__hover=&#8221;#FFFFFF&#8221; button_bg_enable_color__hover=&#8221;on&#8221; button_text_color__hover_enabled=&#8221;on|desktop&#8221; button_text_color__hover=&#8221;#000000&#8243;][\/et_pb_button][\/et_pb_column][\/et_pb_row][\/et_pb_section]<\/p>\n","protected":false},"excerpt":{"rendered":"<p>PJ PARTYKapd fel a pizsid \u00e9s ir\u00e1ny a Hotel Gin.\u00a0 Mi minden extr\u00e1t biztos\u00edtunk, hogy egy eml\u00e9kezetes est\u00e9t t\u00f6lts el a bar\u00e1taiddal!Foglaljatok 2-4 ak\u00e1r 6 f\u0151 r\u00e9sz\u00e9re \u00e9s t\u00f6ltsetek egy\u00fctt egy est\u00e9t, relax\u00e1ljatok a kiv\u00e1l\u00f3 min\u0151s\u00e9g\u0171 kozmetikumokkal, n\u00e9zz\u00e9tek meg kedvenc filmeteket emell\u00e9 pedig k\u00e9sz\u00fcl\u00fcnk nektek egy kis harapnival\u00f3val \u00e9s egy \u00fcveg Gin-nel \u00e9s sok m\u00e1s [&hellip;]<\/p>\n","protected":false},"author":1,"featured_media":0,"parent":1011,"menu_order":0,"comment_status":"closed","ping_status":"closed","template":"","meta":{"_et_pb_use_builder":"on","_et_pb_old_content":"","_et_gb_content_width":"","footnotes":""},"class_list":["post-1058","page","type-page","status-publish","hentry"],"yoast_head":"<!-- This site is optimized with the Yoast SEO plugin v26.8 - https:\/\/yoast.com\/product\/yoast-seo-wordpress\/ -->\n<title>PJ Party - Hotel Gin Budapest - Sz\u00e1lloda Budapest centrum\u00e1ban<\/title>\n<meta name=\"description\" content=\"Kapd fel a pizsid \u00e9s ir\u00e1ny a Hotel Gin, mi minden extr\u00e1t biztos\u00edtunk! Sz\u00e1lloda, diz\u00e1jnhotel Budapest centrum\u00e1ban.\" \/>\n<meta name=\"robots\" content=\"index, follow, max-snippet:-1, max-image-preview:large, max-video-preview:-1\" \/>\n<link rel=\"canonical\" href=\"https:\/\/hotelginbudapest.com\/hu\/ajanlatok\/pj-party\/\" \/>\n<meta property=\"og:locale\" content=\"hu_HU\" \/>\n<meta property=\"og:type\" content=\"article\" \/>\n<meta property=\"og:title\" content=\"PJ Party - Hotel Gin Budapest - Sz\u00e1lloda Budapest centrum\u00e1ban\" \/>\n<meta property=\"og:description\" content=\"Kapd fel a pizsid \u00e9s ir\u00e1ny a Hotel Gin, mi minden extr\u00e1t biztos\u00edtunk! Sz\u00e1lloda, diz\u00e1jnhotel Budapest centrum\u00e1ban.\" \/>\n<meta property=\"og:url\" content=\"https:\/\/hotelginbudapest.com\/hu\/ajanlatok\/pj-party\/\" \/>\n<meta property=\"og:site_name\" content=\"Hotel Gin Budapest\" \/>\n<meta property=\"article:modified_time\" content=\"2024-02-11T17:55:06+00:00\" \/>\n<meta name=\"twitter:card\" content=\"summary_large_image\" \/>\n<meta name=\"twitter:label1\" content=\"Becs\u00fclt olvas\u00e1si id\u0151\" \/>\n\t<meta name=\"twitter:data1\" content=\"2 perc\" \/>\n<script type=\"application\/ld+json\" class=\"yoast-schema-graph\">{\"@context\":\"https:\/\/schema.org\",\"@graph\":[{\"@type\":\"WebPage\",\"@id\":\"https:\/\/hotelginbudapest.com\/hu\/ajanlatok\/pj-party\/\",\"url\":\"https:\/\/hotelginbudapest.com\/hu\/ajanlatok\/pj-party\/\",\"name\":\"PJ Party - Hotel Gin Budapest - Sz\u00e1lloda Budapest centrum\u00e1ban\",\"isPartOf\":{\"@id\":\"https:\/\/hotelginbudapest.com\/#website\"},\"datePublished\":\"2023-11-24T15:07:09+00:00\",\"dateModified\":\"2024-02-11T17:55:06+00:00\",\"description\":\"Kapd fel a pizsid \u00e9s ir\u00e1ny a Hotel Gin, mi minden extr\u00e1t biztos\u00edtunk! Sz\u00e1lloda, diz\u00e1jnhotel Budapest centrum\u00e1ban.\",\"breadcrumb\":{\"@id\":\"https:\/\/hotelginbudapest.com\/hu\/ajanlatok\/pj-party\/#breadcrumb\"},\"inLanguage\":\"hu\",\"potentialAction\":[{\"@type\":\"ReadAction\",\"target\":[\"https:\/\/hotelginbudapest.com\/hu\/ajanlatok\/pj-party\/\"]}]},{\"@type\":\"BreadcrumbList\",\"@id\":\"https:\/\/hotelginbudapest.com\/hu\/ajanlatok\/pj-party\/#breadcrumb\",\"itemListElement\":[{\"@type\":\"ListItem\",\"position\":1,\"name\":\"Home\",\"item\":\"https:\/\/hotelginbudapest.com\/hu\/\"},{\"@type\":\"ListItem\",\"position\":2,\"name\":\"AJ\u00c1NLATOK &#038; CSOMAGOK\",\"item\":\"https:\/\/hotelginbudapest.com\/hu\/ajanlatok\/\"},{\"@type\":\"ListItem\",\"position\":3,\"name\":\"PJ PARTY\"}]},{\"@type\":\"WebSite\",\"@id\":\"https:\/\/hotelginbudapest.com\/#website\",\"url\":\"https:\/\/hotelginbudapest.com\/\",\"name\":\"Hotel Gin Budapest\",\"description\":\"\",\"potentialAction\":[{\"@type\":\"SearchAction\",\"target\":{\"@type\":\"EntryPoint\",\"urlTemplate\":\"https:\/\/hotelginbudapest.com\/?s={search_term_string}\"},\"query-input\":{\"@type\":\"PropertyValueSpecification\",\"valueRequired\":true,\"valueName\":\"search_term_string\"}}],\"inLanguage\":\"hu\"}]}<\/script>\n<!-- \/ Yoast SEO plugin. -->","yoast_head_json":{"title":"PJ Party - Hotel Gin Budapest - Sz\u00e1lloda Budapest centrum\u00e1ban","description":"Kapd fel a pizsid \u00e9s ir\u00e1ny a Hotel Gin, mi minden extr\u00e1t biztos\u00edtunk! Sz\u00e1lloda, diz\u00e1jnhotel Budapest centrum\u00e1ban.","robots":{"index":"index","follow":"follow","max-snippet":"max-snippet:-1","max-image-preview":"max-image-preview:large","max-video-preview":"max-video-preview:-1"},"canonical":"https:\/\/hotelginbudapest.com\/hu\/ajanlatok\/pj-party\/","og_locale":"hu_HU","og_type":"article","og_title":"PJ Party - Hotel Gin Budapest - Sz\u00e1lloda Budapest centrum\u00e1ban","og_description":"Kapd fel a pizsid \u00e9s ir\u00e1ny a Hotel Gin, mi minden extr\u00e1t biztos\u00edtunk! Sz\u00e1lloda, diz\u00e1jnhotel Budapest centrum\u00e1ban.","og_url":"https:\/\/hotelginbudapest.com\/hu\/ajanlatok\/pj-party\/","og_site_name":"Hotel Gin Budapest","article_modified_time":"2024-02-11T17:55:06+00:00","twitter_card":"summary_large_image","twitter_misc":{"Becs\u00fclt olvas\u00e1si id\u0151":"2 perc"},"schema":{"@context":"https:\/\/schema.org","@graph":[{"@type":"WebPage","@id":"https:\/\/hotelginbudapest.com\/hu\/ajanlatok\/pj-party\/","url":"https:\/\/hotelginbudapest.com\/hu\/ajanlatok\/pj-party\/","name":"PJ Party - Hotel Gin Budapest - Sz\u00e1lloda Budapest centrum\u00e1ban","isPartOf":{"@id":"https:\/\/hotelginbudapest.com\/#website"},"datePublished":"2023-11-24T15:07:09+00:00","dateModified":"2024-02-11T17:55:06+00:00","description":"Kapd fel a pizsid \u00e9s ir\u00e1ny a Hotel Gin, mi minden extr\u00e1t biztos\u00edtunk! Sz\u00e1lloda, diz\u00e1jnhotel Budapest centrum\u00e1ban.","breadcrumb":{"@id":"https:\/\/hotelginbudapest.com\/hu\/ajanlatok\/pj-party\/#breadcrumb"},"inLanguage":"hu","potentialAction":[{"@type":"ReadAction","target":["https:\/\/hotelginbudapest.com\/hu\/ajanlatok\/pj-party\/"]}]},{"@type":"BreadcrumbList","@id":"https:\/\/hotelginbudapest.com\/hu\/ajanlatok\/pj-party\/#breadcrumb","itemListElement":[{"@type":"ListItem","position":1,"name":"Home","item":"https:\/\/hotelginbudapest.com\/hu\/"},{"@type":"ListItem","position":2,"name":"AJ\u00c1NLATOK &#038; CSOMAGOK","item":"https:\/\/hotelginbudapest.com\/hu\/ajanlatok\/"},{"@type":"ListItem","position":3,"name":"PJ PARTY"}]},{"@type":"WebSite","@id":"https:\/\/hotelginbudapest.com\/#website","url":"https:\/\/hotelginbudapest.com\/","name":"Hotel Gin Budapest","description":"","potentialAction":[{"@type":"SearchAction","target":{"@type":"EntryPoint","urlTemplate":"https:\/\/hotelginbudapest.com\/?s={search_term_string}"},"query-input":{"@type":"PropertyValueSpecification","valueRequired":true,"valueName":"search_term_string"}}],"inLanguage":"hu"}]}},"_links":{"self":[{"href":"https:\/\/hotelginbudapest.com\/hu\/wp-json\/wp\/v2\/pages\/1058","targetHints":{"allow":["GET"]}}],"collection":[{"href":"https:\/\/hotelginbudapest.com\/hu\/wp-json\/wp\/v2\/pages"}],"about":[{"href":"https:\/\/hotelginbudapest.com\/hu\/wp-json\/wp\/v2\/types\/page"}],"author":[{"embeddable":true,"href":"https:\/\/hotelginbudapest.com\/hu\/wp-json\/wp\/v2\/users\/1"}],"replies":[{"embeddable":true,"href":"https:\/\/hotelginbudapest.com\/hu\/wp-json\/wp\/v2\/comments?post=1058"}],"version-history":[{"count":8,"href":"https:\/\/hotelginbudapest.com\/hu\/wp-json\/wp\/v2\/pages\/1058\/revisions"}],"predecessor-version":[{"id":1534,"href":"https:\/\/hotelginbudapest.com\/hu\/wp-json\/wp\/v2\/pages\/1058\/revisions\/1534"}],"up":[{"embeddable":true,"href":"https:\/\/hotelginbudapest.com\/hu\/wp-json\/wp\/v2\/pages\/1011"}],"wp:attachment":[{"href":"https:\/\/hotelginbudapest.com\/hu\/wp-json\/wp\/v2\/media?parent=1058"}],"curies":[{"name":"wp","href":"https:\/\/api.w.org\/{rel}","templated":true}]}}