{"id":2208,"date":"2024-10-24T09:47:42","date_gmt":"2024-10-24T09:47:42","guid":{"rendered":"https:\/\/hotelginbudapest.com\/?page_id=2208"},"modified":"2024-11-05T08:52:19","modified_gmt":"2024-11-05T08:52:19","slug":"weekday-special","status":"publish","type":"page","link":"https:\/\/hotelginbudapest.com\/hu\/weekday-special\/","title":{"rendered":"WEEKDAY SPECIAL"},"content":{"rendered":"<p>[et_pb_section fb_built=&#8221;1&#8243; _builder_version=&#8221;4.23&#8243; _module_preset=&#8221;default&#8221; background_color=&#8221;#e4e3dd&#8221; custom_margin=&#8221;||||false|false&#8221; custom_padding=&#8221;|||0px||&#8221; global_colors_info=&#8221;{}&#8221;][et_pb_row _builder_version=&#8221;4.23&#8243; _module_preset=&#8221;default&#8221; width=&#8221;95%&#8221; max_width=&#8221;2560px&#8221; global_colors_info=&#8221;{}&#8221;][et_pb_column type=&#8221;4_4&#8243; _builder_version=&#8221;4.23&#8243; _module_preset=&#8221;default&#8221; global_colors_info=&#8221;{}&#8221;][et_pb_text _builder_version=&#8221;4.23&#8243; _module_preset=&#8221;default&#8221; text_font=&#8221;ZonaPro Bold|600||on|||||&#8221; text_text_color=&#8221;#000000&#8243; text_font_size=&#8221;24px&#8221; text_letter_spacing=&#8221;3px&#8221; text_orientation=&#8221;center&#8221; custom_margin=&#8221;||10px||false|false&#8221; custom_padding=&#8221;||0px||false|false&#8221; global_colors_info=&#8221;{}&#8221;]<\/p>\n<p>WEEKDAY SPECIAL<\/p>\n<p>[\/et_pb_text][et_pb_divider divider_weight=&#8221;6px&#8221; _builder_version=&#8221;4.23&#8243; _module_preset=&#8221;default&#8221; max_width=&#8221;16px&#8221; module_alignment=&#8221;center&#8221; global_colors_info=&#8221;{}&#8221;][\/et_pb_divider][\/et_pb_column][\/et_pb_row][et_pb_row column_structure=&#8221;1_2,1_2&#8243; _builder_version=&#8221;4.23&#8243; _module_preset=&#8221;default&#8221; width=&#8221;64.4%&#8221; module_alignment=&#8221;center&#8221; custom_margin=&#8221;|373px||auto||&#8221; custom_padding=&#8221;|0px||4px||&#8221; global_colors_info=&#8221;{}&#8221;][et_pb_column type=&#8221;1_2&#8243; _builder_version=&#8221;4.23&#8243; _module_preset=&#8221;default&#8221; global_colors_info=&#8221;{}&#8221;][et_pb_image src=&#8221;https:\/\/hotelginbudapest.com\/wp-content\/uploads\/2023\/12\/HOTEL-GIN-230601-scaled.jpg&#8221; title_text=&#8221;HOTEL-GIN-230601&#8243; _builder_version=&#8221;4.23&#8243; _module_preset=&#8221;default&#8221; global_colors_info=&#8221;{}&#8221;][\/et_pb_image][\/et_pb_column][et_pb_column type=&#8221;1_2&#8243; _builder_version=&#8221;4.23&#8243; _module_preset=&#8221;default&#8221; global_colors_info=&#8221;{}&#8221;][et_pb_text _builder_version=&#8221;4.23&#8243; _module_preset=&#8221;default&#8221; text_font=&#8221;ZonaPro Regular||||||||&#8221; text_text_color=&#8221;#000000&#8243; custom_padding=&#8221;|||5px||&#8221; global_colors_info=&#8221;{}&#8221;]<\/p>\n<p style=\"text-align: left;\">Csobbanj bele az \u00fcnnepi szezonba Budapesten! Tekintse meg h\u00e9tk\u00f6znapi akci\u00f3nkat \u00e9s vegye c\u00e9lba a k\u00f6vetkez\u0151 \u00fati c\u00e9lj\u00e1t!<\/p>\n<p>[\/et_pb_text][et_pb_text _builder_version=&#8221;4.23&#8243; _module_preset=&#8221;default&#8221; text_font=&#8221;ZonaPro Regular||||||||&#8221; text_text_color=&#8221;#000000&#8243; custom_padding=&#8221;|||5px||&#8221; global_colors_info=&#8221;{}&#8221;]<\/p>\n<p>Siess \u00e9s foglald le butikszob\u00e1ink egyik\u00e9t m\u00e1r<\/p>\n<p><strong>80 EUR \/ \u00e9jszaka<\/strong> \u00e1rt\u00f3l.<\/p>\n<p>A felt\u00fcntetett \u00e1r vas\u00e1rnapt\u00f3l cs\u00fct\u00f6rt\u00f6kig foglalhat\u00f3 \u00e9s a szoba d\u00edjat tartalmazza 2 f\u0151 r\u00e9sz\u00e9re.<\/p>\n<p>[\/et_pb_text][et_pb_text _builder_version=&#8221;4.23&#8243; _module_preset=&#8221;default&#8221; text_font=&#8221;ZonaPro Regular||||||||&#8221; text_text_color=&#8221;#000000&#8243; link_text_color=&#8221;#000000&#8243; custom_padding=&#8221;|||6px||&#8221; hover_enabled=&#8221;0&#8243; global_colors_info=&#8221;{}&#8221; sticky_enabled=&#8221;0&#8243;]<\/p>\n<p>Foglal\u00e1shoz kattints a <strong>FOGLAL\u00c1S <\/strong>gombra \u00e9s haszn\u00e1ld \u2018<strong>WEEKDAY<\/strong>\u2018 k\u00f3dot.<\/p>\n<p>K\u00e9rj\u00fck vegye figyelembe, hogy a k\u00f3dot kiz\u00e1r\u00f3lag az internetes foglal\u00e1s sor\u00e1n \u00e9rv\u00e9nyes\u00edtheti. A foglal\u00e1s v\u00e9gleges\u00edt\u00e9se ut\u00e1n nem \u00e1ll m\u00f3dunkban felhaszn\u00e1lni a kedvezm\u00e9nyt.<\/p>\n<p>[\/et_pb_text][et_pb_text _builder_version=&#8221;4.23&#8243; _module_preset=&#8221;default&#8221; text_font=&#8221;ZonaPro Regular||||||||&#8221; text_text_color=&#8221;#000000&#8243; link_text_color=&#8221;#000000&#8243; custom_padding=&#8221;|||6px||&#8221; global_colors_info=&#8221;{}&#8221;]<\/p>\n<p>A kuponk\u00f3ddal 2024.12.28-ig lehet foglalni.<\/p>\n<p>[\/et_pb_text][et_pb_button button_url=&#8221;https:\/\/ibe.sabeeapp.com\/properties\/Hotel-GIN-Budapest-foglal\u00e1s\/?p=bSp40f02d1acb842537&#038;checkin=2024-10-16&#038;checkout=2024-10-17&#8243; url_new_window=&#8221;on&#8221; button_text=&#8221;FOGLAL\u00c1S&#8221; button_alignment=&#8221;center&#8221; module_class=&#8221;valentinesdayhu&#8221; _builder_version=&#8221;4.23&#8243; _module_preset=&#8221;default&#8221; custom_button=&#8221;on&#8221; button_text_size=&#8221;18px&#8221; button_text_color=&#8221;#FFFFFF&#8221; button_bg_color=&#8221;#000000&#8243; button_border_width=&#8221;5px&#8221; button_border_color=&#8221;#000000&#8243; button_border_radius=&#8221;0px&#8221; button_letter_spacing=&#8221;3px&#8221; button_font=&#8221;ZonaPro Regular|||on|||||&#8221; button_on_hover=&#8221;off&#8221; custom_padding=&#8221;|50px||30px|false|false&#8221; global_colors_info=&#8221;{}&#8221; button_bg_color__hover_enabled=&#8221;on|hover&#8221; button_bg_color__hover=&#8221;#FFFFFF&#8221; button_bg_enable_color__hover=&#8221;on&#8221; button_text_color__hover_enabled=&#8221;on|desktop&#8221; button_text_color__hover=&#8221;#000000&#8243;][\/et_pb_button][\/et_pb_column][\/et_pb_row][\/et_pb_section]<\/p>\n","protected":false},"excerpt":{"rendered":"<p>WEEKDAY SPECIALCsobbanj bele az \u00fcnnepi szezonba Budapesten! Tekintse meg h\u00e9tk\u00f6znapi akci\u00f3nkat \u00e9s vegye c\u00e9lba a k\u00f6vetkez\u0151 \u00fati c\u00e9lj\u00e1t!Siess \u00e9s foglald le butikszob\u00e1ink egyik\u00e9t m\u00e1r 80 EUR \/ \u00e9jszaka \u00e1rt\u00f3l. A felt\u00fcntetett \u00e1r vas\u00e1rnapt\u00f3l cs\u00fct\u00f6rt\u00f6kig foglalhat\u00f3 \u00e9s a szoba d\u00edjat tartalmazza 2 f\u0151 r\u00e9sz\u00e9re.Foglal\u00e1shoz kattints a FOGLAL\u00c1S gombra \u00e9s haszn\u00e1ld \u2018WEEKDAY\u2018 k\u00f3dot. K\u00e9rj\u00fck vegye figyelembe, hogy [&hellip;]<\/p>\n","protected":false},"author":3,"featured_media":0,"parent":0,"menu_order":0,"comment_status":"closed","ping_status":"closed","template":"","meta":{"_et_pb_use_builder":"on","_et_pb_old_content":"","_et_gb_content_width":"","footnotes":""},"class_list":["post-2208","page","type-page","status-publish","hentry"],"yoast_head":"<!-- This site is optimized with the Yoast SEO plugin v27.4 - https:\/\/yoast.com\/product\/yoast-seo-wordpress\/ -->\n<title>WEEKDAY SPECIAL - Hotel Gin Budapest<\/title>\n<meta name=\"robots\" content=\"index, follow, max-snippet:-1, max-image-preview:large, max-video-preview:-1\" \/>\n<link rel=\"canonical\" href=\"https:\/\/hotelginbudapest.com\/hu\/weekday-special\/\" \/>\n<meta property=\"og:locale\" content=\"hu_HU\" \/>\n<meta property=\"og:type\" content=\"article\" \/>\n<meta property=\"og:title\" content=\"WEEKDAY SPECIAL - Hotel Gin Budapest\" \/>\n<meta property=\"og:description\" content=\"WEEKDAY SPECIALCsobbanj bele az \u00fcnnepi szezonba Budapesten! Tekintse meg h\u00e9tk\u00f6znapi akci\u00f3nkat \u00e9s vegye c\u00e9lba a k\u00f6vetkez\u0151 \u00fati c\u00e9lj\u00e1t!Siess \u00e9s foglald le butikszob\u00e1ink egyik\u00e9t m\u00e1r 80 EUR \/ \u00e9jszaka \u00e1rt\u00f3l. A felt\u00fcntetett \u00e1r vas\u00e1rnapt\u00f3l cs\u00fct\u00f6rt\u00f6kig foglalhat\u00f3 \u00e9s a szoba d\u00edjat tartalmazza 2 f\u0151 r\u00e9sz\u00e9re.Foglal\u00e1shoz kattints a FOGLAL\u00c1S gombra \u00e9s haszn\u00e1ld \u2018WEEKDAY\u2018 k\u00f3dot. K\u00e9rj\u00fck vegye figyelembe, hogy [&hellip;]\" \/>\n<meta property=\"og:url\" content=\"https:\/\/hotelginbudapest.com\/hu\/weekday-special\/\" \/>\n<meta property=\"og:site_name\" content=\"Hotel Gin Budapest\" \/>\n<meta property=\"article:modified_time\" content=\"2024-11-05T08:52:19+00:00\" \/>\n<meta name=\"twitter:card\" content=\"summary_large_image\" \/>\n<meta name=\"twitter:label1\" content=\"Becs\u00fclt olvas\u00e1si id\u0151\" \/>\n\t<meta name=\"twitter:data1\" content=\"2 perc\" \/>\n<script type=\"application\/ld+json\" class=\"yoast-schema-graph\">{\"@context\":\"https:\\\/\\\/schema.org\",\"@graph\":[{\"@type\":\"WebPage\",\"@id\":\"https:\\\/\\\/hotelginbudapest.com\\\/hu\\\/weekday-special\\\/\",\"url\":\"https:\\\/\\\/hotelginbudapest.com\\\/hu\\\/weekday-special\\\/\",\"name\":\"WEEKDAY SPECIAL - Hotel Gin Budapest\",\"isPartOf\":{\"@id\":\"https:\\\/\\\/hotelginbudapest.com\\\/#website\"},\"datePublished\":\"2024-10-24T09:47:42+00:00\",\"dateModified\":\"2024-11-05T08:52:19+00:00\",\"breadcrumb\":{\"@id\":\"https:\\\/\\\/hotelginbudapest.com\\\/hu\\\/weekday-special\\\/#breadcrumb\"},\"inLanguage\":\"hu\",\"potentialAction\":[{\"@type\":\"ReadAction\",\"target\":[\"https:\\\/\\\/hotelginbudapest.com\\\/hu\\\/weekday-special\\\/\"]}]},{\"@type\":\"BreadcrumbList\",\"@id\":\"https:\\\/\\\/hotelginbudapest.com\\\/hu\\\/weekday-special\\\/#breadcrumb\",\"itemListElement\":[{\"@type\":\"ListItem\",\"position\":1,\"name\":\"Home\",\"item\":\"https:\\\/\\\/hotelginbudapest.com\\\/hu\\\/\"},{\"@type\":\"ListItem\",\"position\":2,\"name\":\"WEEKDAY SPECIAL\"}]},{\"@type\":\"WebSite\",\"@id\":\"https:\\\/\\\/hotelginbudapest.com\\\/#website\",\"url\":\"https:\\\/\\\/hotelginbudapest.com\\\/\",\"name\":\"Hotel Gin Budapest\",\"description\":\"\",\"potentialAction\":[{\"@type\":\"SearchAction\",\"target\":{\"@type\":\"EntryPoint\",\"urlTemplate\":\"https:\\\/\\\/hotelginbudapest.com\\\/?s={search_term_string}\"},\"query-input\":{\"@type\":\"PropertyValueSpecification\",\"valueRequired\":true,\"valueName\":\"search_term_string\"}}],\"inLanguage\":\"hu\"}]}<\/script>\n<!-- \/ Yoast SEO plugin. -->","yoast_head_json":{"title":"WEEKDAY SPECIAL - Hotel Gin Budapest","robots":{"index":"index","follow":"follow","max-snippet":"max-snippet:-1","max-image-preview":"max-image-preview:large","max-video-preview":"max-video-preview:-1"},"canonical":"https:\/\/hotelginbudapest.com\/hu\/weekday-special\/","og_locale":"hu_HU","og_type":"article","og_title":"WEEKDAY SPECIAL - Hotel Gin Budapest","og_description":"WEEKDAY SPECIALCsobbanj bele az \u00fcnnepi szezonba Budapesten! Tekintse meg h\u00e9tk\u00f6znapi akci\u00f3nkat \u00e9s vegye c\u00e9lba a k\u00f6vetkez\u0151 \u00fati c\u00e9lj\u00e1t!Siess \u00e9s foglald le butikszob\u00e1ink egyik\u00e9t m\u00e1r 80 EUR \/ \u00e9jszaka \u00e1rt\u00f3l. A felt\u00fcntetett \u00e1r vas\u00e1rnapt\u00f3l cs\u00fct\u00f6rt\u00f6kig foglalhat\u00f3 \u00e9s a szoba d\u00edjat tartalmazza 2 f\u0151 r\u00e9sz\u00e9re.Foglal\u00e1shoz kattints a FOGLAL\u00c1S gombra \u00e9s haszn\u00e1ld \u2018WEEKDAY\u2018 k\u00f3dot. K\u00e9rj\u00fck vegye figyelembe, hogy [&hellip;]","og_url":"https:\/\/hotelginbudapest.com\/hu\/weekday-special\/","og_site_name":"Hotel Gin Budapest","article_modified_time":"2024-11-05T08:52:19+00:00","twitter_card":"summary_large_image","twitter_misc":{"Becs\u00fclt olvas\u00e1si id\u0151":"2 perc"},"schema":{"@context":"https:\/\/schema.org","@graph":[{"@type":"WebPage","@id":"https:\/\/hotelginbudapest.com\/hu\/weekday-special\/","url":"https:\/\/hotelginbudapest.com\/hu\/weekday-special\/","name":"WEEKDAY SPECIAL - Hotel Gin Budapest","isPartOf":{"@id":"https:\/\/hotelginbudapest.com\/#website"},"datePublished":"2024-10-24T09:47:42+00:00","dateModified":"2024-11-05T08:52:19+00:00","breadcrumb":{"@id":"https:\/\/hotelginbudapest.com\/hu\/weekday-special\/#breadcrumb"},"inLanguage":"hu","potentialAction":[{"@type":"ReadAction","target":["https:\/\/hotelginbudapest.com\/hu\/weekday-special\/"]}]},{"@type":"BreadcrumbList","@id":"https:\/\/hotelginbudapest.com\/hu\/weekday-special\/#breadcrumb","itemListElement":[{"@type":"ListItem","position":1,"name":"Home","item":"https:\/\/hotelginbudapest.com\/hu\/"},{"@type":"ListItem","position":2,"name":"WEEKDAY SPECIAL"}]},{"@type":"WebSite","@id":"https:\/\/hotelginbudapest.com\/#website","url":"https:\/\/hotelginbudapest.com\/","name":"Hotel Gin Budapest","description":"","potentialAction":[{"@type":"SearchAction","target":{"@type":"EntryPoint","urlTemplate":"https:\/\/hotelginbudapest.com\/?s={search_term_string}"},"query-input":{"@type":"PropertyValueSpecification","valueRequired":true,"valueName":"search_term_string"}}],"inLanguage":"hu"}]}},"_links":{"self":[{"href":"https:\/\/hotelginbudapest.com\/hu\/wp-json\/wp\/v2\/pages\/2208","targetHints":{"allow":["GET"]}}],"collection":[{"href":"https:\/\/hotelginbudapest.com\/hu\/wp-json\/wp\/v2\/pages"}],"about":[{"href":"https:\/\/hotelginbudapest.com\/hu\/wp-json\/wp\/v2\/types\/page"}],"author":[{"embeddable":true,"href":"https:\/\/hotelginbudapest.com\/hu\/wp-json\/wp\/v2\/users\/3"}],"replies":[{"embeddable":true,"href":"https:\/\/hotelginbudapest.com\/hu\/wp-json\/wp\/v2\/comments?post=2208"}],"version-history":[{"count":7,"href":"https:\/\/hotelginbudapest.com\/hu\/wp-json\/wp\/v2\/pages\/2208\/revisions"}],"predecessor-version":[{"id":2231,"href":"https:\/\/hotelginbudapest.com\/hu\/wp-json\/wp\/v2\/pages\/2208\/revisions\/2231"}],"wp:attachment":[{"href":"https:\/\/hotelginbudapest.com\/hu\/wp-json\/wp\/v2\/media?parent=2208"}],"curies":[{"name":"wp","href":"https:\/\/api.w.org\/{rel}","templated":true}]}}