{"id":2801,"date":"2025-08-12T13:34:23","date_gmt":"2025-08-12T13:34:23","guid":{"rendered":"https:\/\/hotelginbudapest.com\/?page_id=2801"},"modified":"2025-08-13T12:54:14","modified_gmt":"2025-08-13T12:54:14","slug":"fall20","status":"publish","type":"page","link":"https:\/\/hotelginbudapest.com\/hu\/ajanlatok\/fall20\/","title":{"rendered":"FALL20"},"content":{"rendered":"<p>[et_pb_section fb_built=&#8221;1&#8243; _builder_version=&#8221;4.23&#8243; _module_preset=&#8221;default&#8221; background_color=&#8221;#e4e3dd&#8221; custom_margin=&#8221;||||false|false&#8221; custom_padding=&#8221;|||0px||&#8221; global_colors_info=&#8221;{}&#8221;][et_pb_row _builder_version=&#8221;4.23&#8243; _module_preset=&#8221;default&#8221; width=&#8221;95%&#8221; max_width=&#8221;2560px&#8221; global_colors_info=&#8221;{}&#8221;][et_pb_column type=&#8221;4_4&#8243; _builder_version=&#8221;4.23&#8243; _module_preset=&#8221;default&#8221; global_colors_info=&#8221;{}&#8221;][et_pb_text _builder_version=&#8221;4.27.4&#8243; _module_preset=&#8221;default&#8221; text_font=&#8221;ZonaPro Bold|600||on|||||&#8221; text_text_color=&#8221;#000000&#8243; text_font_size=&#8221;24px&#8221; text_letter_spacing=&#8221;3px&#8221; text_orientation=&#8221;center&#8221; custom_margin=&#8221;||10px||false|false&#8221; custom_padding=&#8221;||0px||false|false&#8221; global_colors_info=&#8221;{}&#8221;]<\/p>\n<p>FALL20<\/p>\n<p>[\/et_pb_text][et_pb_divider divider_weight=&#8221;6px&#8221; _builder_version=&#8221;4.23&#8243; _module_preset=&#8221;default&#8221; max_width=&#8221;16px&#8221; module_alignment=&#8221;center&#8221; global_colors_info=&#8221;{}&#8221;][\/et_pb_divider][\/et_pb_column][\/et_pb_row][et_pb_row column_structure=&#8221;1_2,1_2&#8243; _builder_version=&#8221;4.23&#8243; _module_preset=&#8221;default&#8221; width=&#8221;64.4%&#8221; module_alignment=&#8221;center&#8221; custom_margin=&#8221;|373px||auto||&#8221; custom_padding=&#8221;|0px||4px||&#8221; global_colors_info=&#8221;{}&#8221;][et_pb_column type=&#8221;1_2&#8243; _builder_version=&#8221;4.23&#8243; _module_preset=&#8221;default&#8221; global_colors_info=&#8221;{}&#8221;][et_pb_image src=&#8221;https:\/\/hotelginbudapest.com\/wp-content\/uploads\/2025\/08\/HOTEL-GIN-230601-scaled.jpg&#8221; title_text=&#8221;HOTEL-GIN-230601&#8243; _builder_version=&#8221;4.27.4&#8243; _module_preset=&#8221;default&#8221; global_colors_info=&#8221;{}&#8221;][\/et_pb_image][\/et_pb_column][et_pb_column type=&#8221;1_2&#8243; _builder_version=&#8221;4.23&#8243; _module_preset=&#8221;default&#8221; global_colors_info=&#8221;{}&#8221;][et_pb_text _builder_version=&#8221;4.27.4&#8243; _module_preset=&#8221;default&#8221; text_font=&#8221;ZonaPro Regular||||||||&#8221; text_text_color=&#8221;#000000&#8243; custom_padding=&#8221;|||5px||&#8221; global_colors_info=&#8221;{}&#8221;]<\/p>\n<p data-start=\"49\" data-end=\"227\"><strong data-start=\"49\" data-end=\"99\">\u0150szi var\u00e1zs Budapesten a FALL20 kedvezm\u00e9nnyel!<\/strong>\u00a0<br data-start=\"102\" data-end=\"105\" \/>Fedezd fel a v\u00e1rost aranyl\u00f3 levelek k\u00f6z\u00f6tt, friss \u0151szi leveg\u0151ben, \u00e9s \u00e9lvezd az <strong data-start=\"184\" data-end=\"212\">exkluz\u00edv 20% kedvezm\u00e9nyt<\/strong> sz\u00e1ll\u00e1sodra.<\/p>\n<p data-start=\"229\" data-end=\"434\">S\u00e9t\u00e1lj a Duna-parton, melegedj fel egy hangulatos k\u00e1v\u00e9z\u00f3ban, \u00e9s tapasztald meg Budapest var\u00e1zslatos \u0151szi hangulat\u00e1t, ak\u00e1r egy igazi helyi. Ez a szezon\u00e1lis aj\u00e1nlat t\u00f6k\u00e9letes aprop\u00f3 egy \u0151szi kiruccan\u00e1shoz.<\/p>\n<p>[\/et_pb_text][et_pb_text _builder_version=&#8221;4.27.4&#8243; _module_preset=&#8221;default&#8221; text_font=&#8221;ZonaPro Regular||||||||&#8221; text_text_color=&#8221;#000000&#8243; link_text_color=&#8221;#000000&#8243; custom_padding=&#8221;|||6px||&#8221; global_colors_info=&#8221;{}&#8221;]<\/p>\n<p data-start=\"436\" data-end=\"544\"><strong data-start=\"436\" data-end=\"458\">Foglal\u00e1si id\u0151szak:<\/strong> 2025. december 19-ig<br data-start=\"479\" data-end=\"482\" \/><strong data-start=\"482\" data-end=\"507\">Tart\u00f3zkod\u00e1si id\u0151szak:<\/strong> 2025. szeptember 1. \u2013 december 19.<\/p>\n<p data-start=\"546\" data-end=\"699\">Fontos: A kedvezm\u00e9nyk\u00f3d csak a weboldalunkon kereszt\u00fcl t\u00f6rt\u00e9n\u0151 foglal\u00e1sokra \u00e9rv\u00e9nyes. A fizet\u00e9s befejez\u00e9se ut\u00e1n a kedvezm\u00e9ny ut\u00f3lag nem \u00e9rv\u00e9nyes\u00edthet\u0151.<\/p>\n<p>[\/et_pb_text][et_pb_text _builder_version=&#8221;4.27.4&#8243; _module_preset=&#8221;default&#8221; text_font=&#8221;ZonaPro Regular||||||||&#8221; text_text_color=&#8221;#000000&#8243; link_text_color=&#8221;#000000&#8243; custom_padding=&#8221;|||6px||&#8221; global_colors_info=&#8221;{}&#8221;]<\/p>\n<p>Foglal\u00e1shoz kattints a <strong data-start=\"724\" data-end=\"738\">\u2018BOOK NOW\u2019<\/strong> gombra \u00e9s haszn\u00e1ld a <strong data-start=\"760\" data-end=\"770\">FALL20<\/strong> k\u00f3dot, vagy \u00edrj nek\u00fcnk a <strong data-start=\"796\" data-end=\"826\"><a class=\"cursor-pointer\" rel=\"noopener\" data-start=\"798\" data-end=\"824\">hello@hotelginbudapest.com<\/a><\/strong> c\u00edmre <strong data-start=\"833\" data-end=\"843\">FALL20<\/strong> t\u00e1rggyal.<\/p>\n<p>[\/et_pb_text][et_pb_button button_url=&#8221;https:\/\/ibe.sabeeapp.com\/properties\/Hotel-GIN-Budapest-foglal\u00e1s\/?p=bSp40f02d1acb842537&#038;checkin=2024-10-16&#038;checkout=2024-10-17&#8243; url_new_window=&#8221;on&#8221; button_text=&#8221;FOGLAL\u00c1S&#8221; button_alignment=&#8221;center&#8221; module_class=&#8221;valentinesdayhu&#8221; _builder_version=&#8221;4.27.4&#8243; _module_preset=&#8221;default&#8221; custom_button=&#8221;on&#8221; button_text_size=&#8221;18px&#8221; button_text_color=&#8221;#FFFFFF&#8221; button_bg_color=&#8221;#000000&#8243; button_border_width=&#8221;5px&#8221; button_border_color=&#8221;#000000&#8243; button_border_radius=&#8221;0px&#8221; button_letter_spacing=&#8221;3px&#8221; button_font=&#8221;ZonaPro Regular|||on|||||&#8221; button_on_hover=&#8221;off&#8221; custom_padding=&#8221;|50px||30px|false|false&#8221; global_colors_info=&#8221;{}&#8221; button_bg_color__hover_enabled=&#8221;on|hover&#8221; button_bg_color__hover=&#8221;#FFFFFF&#8221; button_bg_enable_color__hover=&#8221;on&#8221; button_text_color__hover_enabled=&#8221;on|desktop&#8221; button_text_color__hover=&#8221;#000000&#8243;][\/et_pb_button][\/et_pb_column][\/et_pb_row][\/et_pb_section]<\/p>\n","protected":false},"excerpt":{"rendered":"<p>FALL20\u0150szi var\u00e1zs Budapesten a FALL20 kedvezm\u00e9nnyel!\u00a0Fedezd fel a v\u00e1rost aranyl\u00f3 levelek k\u00f6z\u00f6tt, friss \u0151szi leveg\u0151ben, \u00e9s \u00e9lvezd az exkluz\u00edv 20% kedvezm\u00e9nyt sz\u00e1ll\u00e1sodra. S\u00e9t\u00e1lj a Duna-parton, melegedj fel egy hangulatos k\u00e1v\u00e9z\u00f3ban, \u00e9s tapasztald meg Budapest var\u00e1zslatos \u0151szi hangulat\u00e1t, ak\u00e1r egy igazi helyi. Ez a szezon\u00e1lis aj\u00e1nlat t\u00f6k\u00e9letes aprop\u00f3 egy \u0151szi kiruccan\u00e1shoz.Foglal\u00e1si id\u0151szak: 2025. december 19-igTart\u00f3zkod\u00e1si id\u0151szak: [&hellip;]<\/p>\n","protected":false},"author":3,"featured_media":0,"parent":1011,"menu_order":0,"comment_status":"closed","ping_status":"closed","template":"","meta":{"_et_pb_use_builder":"on","_et_pb_old_content":"","_et_gb_content_width":"","footnotes":""},"class_list":["post-2801","page","type-page","status-publish","hentry"],"yoast_head":"<!-- This site is optimized with the Yoast SEO plugin v27.4 - https:\/\/yoast.com\/product\/yoast-seo-wordpress\/ -->\n<title>FALL20 - Hotel Gin Budapest<\/title>\n<meta name=\"description\" content=\"\u00c9lvezd a Hotel Gin Budapest \u0151szi hangulat\u00e1t 20% kedvezm\u00e9nnyel! Foglalj a FALL20 k\u00f3ddal 2025. dec. 19-ig, utaz\u00e1s 09.01\u201312.19 k\u00f6z\u00f6tt.\" \/>\n<meta name=\"robots\" content=\"index, follow, max-snippet:-1, max-image-preview:large, max-video-preview:-1\" \/>\n<link rel=\"canonical\" href=\"https:\/\/hotelginbudapest.com\/hu\/ajanlatok\/fall20\/\" \/>\n<meta property=\"og:locale\" content=\"hu_HU\" \/>\n<meta property=\"og:type\" content=\"article\" \/>\n<meta property=\"og:title\" content=\"FALL20 - Hotel Gin Budapest\" \/>\n<meta property=\"og:description\" content=\"\u00c9lvezd a Hotel Gin Budapest \u0151szi hangulat\u00e1t 20% kedvezm\u00e9nnyel! Foglalj a FALL20 k\u00f3ddal 2025. dec. 19-ig, utaz\u00e1s 09.01\u201312.19 k\u00f6z\u00f6tt.\" \/>\n<meta property=\"og:url\" content=\"https:\/\/hotelginbudapest.com\/hu\/ajanlatok\/fall20\/\" \/>\n<meta property=\"og:site_name\" content=\"Hotel Gin Budapest\" \/>\n<meta property=\"article:modified_time\" content=\"2025-08-13T12:54:14+00:00\" \/>\n<meta name=\"twitter:card\" content=\"summary_large_image\" \/>\n<meta name=\"twitter:label1\" content=\"Becs\u00fclt olvas\u00e1si id\u0151\" \/>\n\t<meta name=\"twitter:data1\" content=\"1 perc\" \/>\n<script type=\"application\/ld+json\" class=\"yoast-schema-graph\">{\"@context\":\"https:\\\/\\\/schema.org\",\"@graph\":[{\"@type\":\"WebPage\",\"@id\":\"https:\\\/\\\/hotelginbudapest.com\\\/hu\\\/ajanlatok\\\/fall20\\\/\",\"url\":\"https:\\\/\\\/hotelginbudapest.com\\\/hu\\\/ajanlatok\\\/fall20\\\/\",\"name\":\"FALL20 - Hotel Gin Budapest\",\"isPartOf\":{\"@id\":\"https:\\\/\\\/hotelginbudapest.com\\\/#website\"},\"datePublished\":\"2025-08-12T13:34:23+00:00\",\"dateModified\":\"2025-08-13T12:54:14+00:00\",\"description\":\"\u00c9lvezd a Hotel Gin Budapest \u0151szi hangulat\u00e1t 20% kedvezm\u00e9nnyel! Foglalj a FALL20 k\u00f3ddal 2025. dec. 19-ig, utaz\u00e1s 09.01\u201312.19 k\u00f6z\u00f6tt.\",\"breadcrumb\":{\"@id\":\"https:\\\/\\\/hotelginbudapest.com\\\/hu\\\/ajanlatok\\\/fall20\\\/#breadcrumb\"},\"inLanguage\":\"hu\",\"potentialAction\":[{\"@type\":\"ReadAction\",\"target\":[\"https:\\\/\\\/hotelginbudapest.com\\\/hu\\\/ajanlatok\\\/fall20\\\/\"]}]},{\"@type\":\"BreadcrumbList\",\"@id\":\"https:\\\/\\\/hotelginbudapest.com\\\/hu\\\/ajanlatok\\\/fall20\\\/#breadcrumb\",\"itemListElement\":[{\"@type\":\"ListItem\",\"position\":1,\"name\":\"Home\",\"item\":\"https:\\\/\\\/hotelginbudapest.com\\\/hu\\\/\"},{\"@type\":\"ListItem\",\"position\":2,\"name\":\"AJ\u00c1NLATOK &#038; CSOMAGOK\",\"item\":\"https:\\\/\\\/hotelginbudapest.com\\\/hu\\\/ajanlatok\\\/\"},{\"@type\":\"ListItem\",\"position\":3,\"name\":\"FALL20\"}]},{\"@type\":\"WebSite\",\"@id\":\"https:\\\/\\\/hotelginbudapest.com\\\/#website\",\"url\":\"https:\\\/\\\/hotelginbudapest.com\\\/\",\"name\":\"Hotel Gin Budapest\",\"description\":\"\",\"potentialAction\":[{\"@type\":\"SearchAction\",\"target\":{\"@type\":\"EntryPoint\",\"urlTemplate\":\"https:\\\/\\\/hotelginbudapest.com\\\/?s={search_term_string}\"},\"query-input\":{\"@type\":\"PropertyValueSpecification\",\"valueRequired\":true,\"valueName\":\"search_term_string\"}}],\"inLanguage\":\"hu\"}]}<\/script>\n<!-- \/ Yoast SEO plugin. -->","yoast_head_json":{"title":"FALL20 - Hotel Gin Budapest","description":"\u00c9lvezd a Hotel Gin Budapest \u0151szi hangulat\u00e1t 20% kedvezm\u00e9nnyel! Foglalj a FALL20 k\u00f3ddal 2025. dec. 19-ig, utaz\u00e1s 09.01\u201312.19 k\u00f6z\u00f6tt.","robots":{"index":"index","follow":"follow","max-snippet":"max-snippet:-1","max-image-preview":"max-image-preview:large","max-video-preview":"max-video-preview:-1"},"canonical":"https:\/\/hotelginbudapest.com\/hu\/ajanlatok\/fall20\/","og_locale":"hu_HU","og_type":"article","og_title":"FALL20 - Hotel Gin Budapest","og_description":"\u00c9lvezd a Hotel Gin Budapest \u0151szi hangulat\u00e1t 20% kedvezm\u00e9nnyel! Foglalj a FALL20 k\u00f3ddal 2025. dec. 19-ig, utaz\u00e1s 09.01\u201312.19 k\u00f6z\u00f6tt.","og_url":"https:\/\/hotelginbudapest.com\/hu\/ajanlatok\/fall20\/","og_site_name":"Hotel Gin Budapest","article_modified_time":"2025-08-13T12:54:14+00:00","twitter_card":"summary_large_image","twitter_misc":{"Becs\u00fclt olvas\u00e1si id\u0151":"1 perc"},"schema":{"@context":"https:\/\/schema.org","@graph":[{"@type":"WebPage","@id":"https:\/\/hotelginbudapest.com\/hu\/ajanlatok\/fall20\/","url":"https:\/\/hotelginbudapest.com\/hu\/ajanlatok\/fall20\/","name":"FALL20 - Hotel Gin Budapest","isPartOf":{"@id":"https:\/\/hotelginbudapest.com\/#website"},"datePublished":"2025-08-12T13:34:23+00:00","dateModified":"2025-08-13T12:54:14+00:00","description":"\u00c9lvezd a Hotel Gin Budapest \u0151szi hangulat\u00e1t 20% kedvezm\u00e9nnyel! Foglalj a FALL20 k\u00f3ddal 2025. dec. 19-ig, utaz\u00e1s 09.01\u201312.19 k\u00f6z\u00f6tt.","breadcrumb":{"@id":"https:\/\/hotelginbudapest.com\/hu\/ajanlatok\/fall20\/#breadcrumb"},"inLanguage":"hu","potentialAction":[{"@type":"ReadAction","target":["https:\/\/hotelginbudapest.com\/hu\/ajanlatok\/fall20\/"]}]},{"@type":"BreadcrumbList","@id":"https:\/\/hotelginbudapest.com\/hu\/ajanlatok\/fall20\/#breadcrumb","itemListElement":[{"@type":"ListItem","position":1,"name":"Home","item":"https:\/\/hotelginbudapest.com\/hu\/"},{"@type":"ListItem","position":2,"name":"AJ\u00c1NLATOK &#038; CSOMAGOK","item":"https:\/\/hotelginbudapest.com\/hu\/ajanlatok\/"},{"@type":"ListItem","position":3,"name":"FALL20"}]},{"@type":"WebSite","@id":"https:\/\/hotelginbudapest.com\/#website","url":"https:\/\/hotelginbudapest.com\/","name":"Hotel Gin Budapest","description":"","potentialAction":[{"@type":"SearchAction","target":{"@type":"EntryPoint","urlTemplate":"https:\/\/hotelginbudapest.com\/?s={search_term_string}"},"query-input":{"@type":"PropertyValueSpecification","valueRequired":true,"valueName":"search_term_string"}}],"inLanguage":"hu"}]}},"_links":{"self":[{"href":"https:\/\/hotelginbudapest.com\/hu\/wp-json\/wp\/v2\/pages\/2801","targetHints":{"allow":["GET"]}}],"collection":[{"href":"https:\/\/hotelginbudapest.com\/hu\/wp-json\/wp\/v2\/pages"}],"about":[{"href":"https:\/\/hotelginbudapest.com\/hu\/wp-json\/wp\/v2\/types\/page"}],"author":[{"embeddable":true,"href":"https:\/\/hotelginbudapest.com\/hu\/wp-json\/wp\/v2\/users\/3"}],"replies":[{"embeddable":true,"href":"https:\/\/hotelginbudapest.com\/hu\/wp-json\/wp\/v2\/comments?post=2801"}],"version-history":[{"count":3,"href":"https:\/\/hotelginbudapest.com\/hu\/wp-json\/wp\/v2\/pages\/2801\/revisions"}],"predecessor-version":[{"id":2819,"href":"https:\/\/hotelginbudapest.com\/hu\/wp-json\/wp\/v2\/pages\/2801\/revisions\/2819"}],"up":[{"embeddable":true,"href":"https:\/\/hotelginbudapest.com\/hu\/wp-json\/wp\/v2\/pages\/1011"}],"wp:attachment":[{"href":"https:\/\/hotelginbudapest.com\/hu\/wp-json\/wp\/v2\/media?parent=2801"}],"curies":[{"name":"wp","href":"https:\/\/api.w.org\/{rel}","templated":true}]}}