{"id":364,"date":"2023-10-31T10:51:24","date_gmt":"2023-10-31T10:51:24","guid":{"rendered":"https:\/\/hotelginbudapest.com\/comfy-room\/"},"modified":"2025-02-25T15:43:07","modified_gmt":"2025-02-25T15:43:07","slug":"comfy-room","status":"publish","type":"page","link":"https:\/\/hotelginbudapest.com\/hu\/rooms\/comfy-room\/","title":{"rendered":"Comfy room"},"content":{"rendered":"<p>[et_pb_section fb_built=&#8221;1&#8243; _builder_version=&#8221;4.23&#8243; _module_preset=&#8221;default&#8221; use_background_color_gradient=&#8221;on&#8221; background_color_gradient_stops=&#8221;rgba(0,0,0,0.2) 0%|rgba(0,0,0,0.2) 97%&#8221; background_color_gradient_overlays_image=&#8221;on&#8221; background_image=&#8221;https:\/\/hotelginbudapest.com\/wp-content\/uploads\/2023\/12\/Hotel-GIN-interior-2-scaled.jpg&#8221; custom_margin=&#8221;-220px||0px||false|false&#8221; custom_padding=&#8221;340px||180px||false|false&#8221; global_colors_info=&#8221;{}&#8221;][et_pb_row _builder_version=&#8221;4.23&#8243; _module_preset=&#8221;default&#8221; width=&#8221;95%&#8221; max_width=&#8221;2560px&#8221; global_colors_info=&#8221;{}&#8221;][et_pb_column type=&#8221;4_4&#8243; _builder_version=&#8221;4.23&#8243; _module_preset=&#8221;default&#8221; global_colors_info=&#8221;{}&#8221;][et_pb_text _builder_version=&#8221;4.23&#8243; _module_preset=&#8221;default&#8221; text_font=&#8221;ZonaPro Bold|600|||||||&#8221; text_text_color=&#8221;#FFFFFF&#8221; text_font_size=&#8221;24px&#8221; text_letter_spacing=&#8221;3px&#8221; text_orientation=&#8221;center&#8221; custom_margin=&#8221;||10px||false|false&#8221; custom_padding=&#8221;||0px||false|false&#8221; global_colors_info=&#8221;{}&#8221;]<\/p>\n<p>COMFY<\/p>\n<p>[\/et_pb_text][et_pb_text _builder_version=&#8221;4.23&#8243; _module_preset=&#8221;default&#8221; text_font=&#8221;ZonaPro Regular|300|||||||&#8221; text_text_color=&#8221;#FFFFFF&#8221; text_font_size=&#8221;18px&#8221; text_letter_spacing=&#8221;2px&#8221; text_orientation=&#8221;center&#8221; global_colors_info=&#8221;{}&#8221;]<\/p>\n<p>NAGY<\/p>\n<p>[\/et_pb_text][et_pb_divider color=&#8221;#FFFFFF&#8221; divider_weight=&#8221;6px&#8221; _builder_version=&#8221;4.23&#8243; _module_preset=&#8221;default&#8221; max_width=&#8221;16px&#8221; module_alignment=&#8221;center&#8221; global_colors_info=&#8221;{}&#8221;][\/et_pb_divider][\/et_pb_column][\/et_pb_row][\/et_pb_section][et_pb_section fb_built=&#8221;1&#8243; _builder_version=&#8221;4.23&#8243; _module_preset=&#8221;default&#8221; background_color=&#8221;#e4e3dd&#8221; global_colors_info=&#8221;{}&#8221;][et_pb_row _builder_version=&#8221;4.23&#8243; _module_preset=&#8221;default&#8221; global_colors_info=&#8221;{}&#8221;][et_pb_column type=&#8221;4_4&#8243; _builder_version=&#8221;4.23&#8243; _module_preset=&#8221;default&#8221; global_colors_info=&#8221;{}&#8221;][et_pb_text _builder_version=&#8221;4.23&#8243; _module_preset=&#8221;default&#8221; text_font=&#8221;ZonaPro Regular||||||||&#8221; text_orientation=&#8221;center&#8221; global_colors_info=&#8221;{}&#8221;]<\/p>\n<p>T\u00e1gas \u00e9s \u00e9l\u00e9nk, ahogyan te szereted. Mindig t\u00f6reksz\u00fcnk arra, hogy a legnagyobb k\u00e9nyelmet biztos\u00edtjuk hotel\u00fcnkben.<br \/>A Comfy szob\u00e1k az \u00e9p\u00fclet els\u0151 \u00e9s m\u00e1sodik emelet\u00e9n helyezkednek el, nagy belmagass\u00e1g\u00fa szob\u00e1ink, eml\u00e9keztetnek a r\u00e9gi magyar nagypolg\u00e1ri lak\u00e1s\u00e9rzethez. Nagy szekr\u00e9nyek, k\u00e9nyelmes \u00fcl\u0151fel\u00fcletek teszik m\u00e9g k\u00e9nyelmesebb\u00e9 a tart\u00f3zkod\u00e1st.<\/p>\n<p>[\/et_pb_text][\/et_pb_column][\/et_pb_row][et_pb_row column_structure=&#8221;1_3,1_3,1_3&#8243; _builder_version=&#8221;4.23&#8243; _module_preset=&#8221;default&#8221; width=&#8221;60%&#8221; global_colors_info=&#8221;{}&#8221;][et_pb_column type=&#8221;1_3&#8243; _builder_version=&#8221;4.23&#8243; _module_preset=&#8221;default&#8221; global_colors_info=&#8221;{}&#8221;][et_pb_text _builder_version=&#8221;4.27.4&#8243; _module_preset=&#8221;default&#8221; text_font=&#8221;ZonaPro Regular||||||||&#8221; hover_enabled=&#8221;0&#8243; global_colors_info=&#8221;{}&#8221; sticky_enabled=&#8221;0&#8243;]<\/p>\n<p>\u25c7 26 m2<\/p>\n<p>[\/et_pb_text][et_pb_text _builder_version=&#8221;4.23&#8243; _module_preset=&#8221;default&#8221; text_font=&#8221;ZonaPro Regular||||||||&#8221; global_colors_info=&#8221;{}&#8221;]<\/p>\n<p>\u25c7 Ingyenes WIFI<\/p>\n<p>[\/et_pb_text][et_pb_text _builder_version=&#8221;4.23&#8243; _module_preset=&#8221;default&#8221; text_font=&#8221;ZonaPro Regular||||||||&#8221; global_colors_info=&#8221;{}&#8221;]<\/p>\n<p>\u25c7 Utc\u00e1ra n\u00e9z\u0151 szob\u00e1k<\/p>\n<p>[\/et_pb_text][et_pb_text _builder_version=&#8221;4.23&#8243; _module_preset=&#8221;default&#8221; text_font=&#8221;ZonaPro Regular||||||||&#8221; global_colors_info=&#8221;{}&#8221;]\u25c7 Zuhany[\/et_pb_text][\/et_pb_column][et_pb_column type=&#8221;1_3&#8243; _builder_version=&#8221;4.23&#8243; _module_preset=&#8221;default&#8221; global_colors_info=&#8221;{}&#8221;][et_pb_text _builder_version=&#8221;4.23&#8243; _module_preset=&#8221;default&#8221; text_font=&#8221;ZonaPro Regular||||||||&#8221; global_colors_info=&#8221;{}&#8221;]\u25c7 T\u00f6r\u00f6lk\u00f6z\u0151k \u00e9s hajsz\u00e1t\u00edt\u00f3[\/et_pb_text][et_pb_text _builder_version=&#8221;4.23&#8243; _module_preset=&#8221;default&#8221; text_font=&#8221;ZonaPro Regular||||||||&#8221; global_colors_info=&#8221;{}&#8221;]\u25c7 Sz\u00e9f[\/et_pb_text][et_pb_text _builder_version=&#8221;4.23&#8243; _module_preset=&#8221;default&#8221; text_font=&#8221;ZonaPro Regular||||||||&#8221; global_colors_info=&#8221;{}&#8221;]<\/p>\n<p>\u25c7 Nagy, s\u00edkk\u00e9perny\u0151s TV<\/p>\n<p>[\/et_pb_text][et_pb_text _builder_version=&#8221;4.23&#8243; _module_preset=&#8221;default&#8221; text_font=&#8221;ZonaPro Regular||||||||&#8221; global_colors_info=&#8221;{}&#8221;]\u25c7 Nespresso k\u00e1v\u00e9f\u0151z\u0151[\/et_pb_text][\/et_pb_column][et_pb_column type=&#8221;1_3&#8243; _builder_version=&#8221;4.23&#8243; _module_preset=&#8221;default&#8221; global_colors_info=&#8221;{}&#8221;][et_pb_text _builder_version=&#8221;4.23&#8243; _module_preset=&#8221;default&#8221; text_font=&#8221;ZonaPro Regular||||||||&#8221; global_colors_info=&#8221;{}&#8221;]\u25c7 SMEG v\u00edzforral\u00f3[\/et_pb_text][et_pb_text _builder_version=&#8221;4.23&#8243; _module_preset=&#8221;default&#8221; text_font=&#8221;ZonaPro Regular||||||||&#8221; global_colors_info=&#8221;{}&#8221;]\u25c7 Kl\u00edma \/ f\u0171t\u00e9s[\/et_pb_text][et_pb_text _builder_version=&#8221;4.23&#8243; _module_preset=&#8221;default&#8221; text_font=&#8221;ZonaPro Regular||||||||&#8221; global_colors_info=&#8221;{}&#8221;]<\/p>\n<p>\u25c7 Francia \u00e1gy (180x200cm, 180x200cm)<\/p>\n<p>[\/et_pb_text][\/et_pb_column][\/et_pb_row][et_pb_row _builder_version=&#8221;4.23&#8243; _module_preset=&#8221;default&#8221; width=&#8221;94%&#8221; max_width=&#8221;2560px&#8221; global_colors_info=&#8221;{}&#8221;][et_pb_column type=&#8221;4_4&#8243; _builder_version=&#8221;4.23&#8243; _module_preset=&#8221;default&#8221; global_colors_info=&#8221;{}&#8221;][et_pb_gallery gallery_ids=&#8221;2602,2604,2598,2608,2606,2612,2610&#8243; posts_number=&#8221;3&#8243; show_title_and_caption=&#8221;off&#8221; show_pagination=&#8221;off&#8221; zoom_icon_color=&#8221;RGBA(255,255,255,0)&#8221; hover_overlay_color=&#8221;RGBA(255,255,255,0)&#8221; _builder_version=&#8221;4.27.4&#8243; _module_preset=&#8221;default&#8221; custom_css_gallery_item=&#8221;width: 29% !important;||margin: 2% !important;||clear: none !important;&#8221; global_colors_info=&#8221;{}&#8221; custom_css_gallery_item_last_edited=&#8221;on|phone&#8221; custom_css_gallery_item_tablet=&#8221;width: 28% !important;||margin: 2% !important;||clear: none !important;&#8221; custom_css_gallery_item_phone=&#8221;width: 90% !important;||margin-right: 5% !important;||margin-left: 5% !important;||clear: none !important;&#8221;][\/et_pb_gallery][\/et_pb_column][\/et_pb_row][\/et_pb_section][et_pb_section fb_built=&#8221;1&#8243; _builder_version=&#8221;4.23&#8243; _module_preset=&#8221;default&#8221; global_colors_info=&#8221;{}&#8221;][et_pb_row _builder_version=&#8221;4.23&#8243; _module_preset=&#8221;default&#8221; global_colors_info=&#8221;{}&#8221;][et_pb_column type=&#8221;4_4&#8243; _builder_version=&#8221;4.23&#8243; _module_preset=&#8221;default&#8221; global_colors_info=&#8221;{}&#8221;][et_pb_text _builder_version=&#8221;4.23&#8243; _module_preset=&#8221;default&#8221; text_font=&#8221;ZonaPro Bold|600|||||||&#8221; text_text_color=&#8221;#000000&#8243; text_font_size=&#8221;24px&#8221; text_letter_spacing=&#8221;3px&#8221; text_orientation=&#8221;center&#8221; global_colors_info=&#8221;{}&#8221;]FOGLALJ MOST<br \/>\n[\/et_pb_text][et_pb_divider divider_weight=&#8221;6px&#8221; _builder_version=&#8221;4.23&#8243; _module_preset=&#8221;default&#8221; max_width=&#8221;16px&#8221; module_alignment=&#8221;center&#8221; global_colors_info=&#8221;{}&#8221;][\/et_pb_divider][et_pb_code _builder_version=&#8221;4.23&#8243; _module_preset=&#8221;default&#8221; global_colors_info=&#8221;{}&#8221;]<!--Booking Engine Start--><script data-cfasync=\"false\" src=\"https:\/\/ibe.sabeeapp.com\/bewidget.php?id=f751387d1bb58efbae85d549cc9ab37c&#038;l=hu\" type=\"text\/javascript\" id=\"widget_f751387d1bb58efbae85d549cc9ab37c\"><\/script><!--Booking Engine End-->[\/et_pb_code][\/et_pb_column][\/et_pb_row][\/et_pb_section][et_pb_section fb_built=&#8221;1&#8243; _builder_version=&#8221;4.23&#8243; _module_preset=&#8221;default&#8221; background_color=&#8221;#e4e3dd&#8221; global_colors_info=&#8221;{}&#8221;][et_pb_row _builder_version=&#8221;4.23&#8243; _module_preset=&#8221;default&#8221; global_colors_info=&#8221;{}&#8221;][et_pb_column type=&#8221;4_4&#8243; _builder_version=&#8221;4.23&#8243; _module_preset=&#8221;default&#8221; global_colors_info=&#8221;{}&#8221;][et_pb_text _builder_version=&#8221;4.23&#8243; _module_preset=&#8221;default&#8221; text_font=&#8221;Lato|600|||||||&#8221; text_text_color=&#8221;#000000&#8243; text_font_size=&#8221;24px&#8221; text_letter_spacing=&#8221;2px&#8221; text_orientation=&#8221;center&#8221; global_colors_info=&#8221;{}&#8221;]<\/p>\n<p>SZOB\u00c1K<\/p>\n<p>[\/et_pb_text][et_pb_divider divider_weight=&#8221;6px&#8221; _builder_version=&#8221;4.23&#8243; _module_preset=&#8221;default&#8221; max_width=&#8221;16px&#8221; module_alignment=&#8221;center&#8221; global_colors_info=&#8221;{}&#8221;][\/et_pb_divider][\/et_pb_column][\/et_pb_row][et_pb_row column_structure=&#8221;1_3,1_3,1_3&#8243; use_custom_gutter=&#8221;on&#8221; gutter_width=&#8221;2&#8243; _builder_version=&#8221;4.27.4&#8243; _module_preset=&#8221;default&#8221; background_enable_image=&#8221;off&#8221; width=&#8221;90%&#8221; max_width=&#8221;2560px&#8221; global_colors_info=&#8221;{}&#8221; background__hover_enabled=&#8221;off|desktop&#8221; background_enable_color__hover=&#8221;off&#8221;][et_pb_column type=&#8221;1_3&#8243; _builder_version=&#8221;4.23&#8243; _module_preset=&#8221;default&#8221; use_background_color_gradient=&#8221;on&#8221; background_color_gradient_stops=&#8221;rgba(0,0,0,0.2) 0%|rgba(0,0,0,0.2) 100%&#8221; background_color_gradient_overlays_image=&#8221;on&#8221; background_image=&#8221;https:\/\/hotelginbudapest.com\/wp-content\/uploads\/2023\/12\/Hotel-GIN-interior-17-scaled.jpg&#8221; custom_padding=&#8221;6%||6%||true|false&#8221; link_option_url=&#8221;https:\/\/hotelginbudapest.com\/hu\/rooms\/classic-room\/&#8221; global_colors_info=&#8221;{}&#8221; background__hover_enabled=&#8221;on|desktop&#8221; background_color_gradient_stops__hover=&#8221;rgba(0,0,0,0.3) 96%|rgba(0,0,0,0.3) 99%&#8221; use_background_color_gradient__hover=&#8221;on&#8221;][et_pb_text _builder_version=&#8221;4.23&#8243; _module_preset=&#8221;default&#8221; text_font=&#8221;Lato|600|||||||&#8221; text_text_color=&#8221;#FFFFFF&#8221; text_font_size=&#8221;24px&#8221; text_letter_spacing=&#8221;2px&#8221; text_orientation=&#8221;center&#8221; custom_margin=&#8221;||0px||false|false&#8221; custom_padding=&#8221;||0px||false|false&#8221; global_colors_info=&#8221;{}&#8221;]<\/p>\n<p>CLASSIC<\/p>\n<p>[\/et_pb_text][et_pb_text _builder_version=&#8221;4.23&#8243; _module_preset=&#8221;default&#8221; text_font=&#8221;Lato|300|||||||&#8221; text_text_color=&#8221;#FFFFFF&#8221; text_font_size=&#8221;18px&#8221; text_letter_spacing=&#8221;2px&#8221; text_orientation=&#8221;center&#8221; custom_margin=&#8221;||10px||false|false&#8221; global_colors_info=&#8221;{}&#8221;]<\/p>\n<p>KICSI<\/p>\n<p>[\/et_pb_text][et_pb_icon font_icon=&#8221;&#x33;||divi||400&#8243; icon_color=&#8221;#FFFFFF&#8221; icon_width=&#8221;20px&#8221; _builder_version=&#8221;4.23&#8243; _module_preset=&#8221;default&#8221; border_radii=&#8221;on|2px|2px|2px|2px&#8221; border_width_all=&#8221;3px&#8221; border_color_all=&#8221;#FFFFFF&#8221; global_colors_info=&#8221;{}&#8221;][\/et_pb_icon][\/et_pb_column][et_pb_column type=&#8221;1_3&#8243; _builder_version=&#8221;4.23&#8243; _module_preset=&#8221;default&#8221; background_enable_color=&#8221;off&#8221; use_background_color_gradient=&#8221;on&#8221; background_color_gradient_stops=&#8221;rgba(0,0,0,0.2) 0%|rgba(0,0,0,0.2) 100%&#8221; background_color_gradient_overlays_image=&#8221;on&#8221; background_image=&#8221;https:\/\/hotelginbudapest.com\/wp-content\/uploads\/2023\/12\/Hotel-GIN-interior-10-scaled.jpg&#8221; custom_padding=&#8221;6%||6%||true|false&#8221; link_option_url=&#8221;https:\/\/hotelginbudapest.com\/hu\/rooms\/cosy-room\/&#8221; global_colors_info=&#8221;{}&#8221; background__hover_enabled=&#8221;on|hover&#8221; background_color_gradient_stops__hover=&#8221;rgba(0,0,0,0.3) 0%|rgba(0,0,0,0.3) 100%&#8221; use_background_color_gradient__hover=&#8221;on&#8221;][et_pb_text _builder_version=&#8221;4.23&#8243; _module_preset=&#8221;default&#8221; text_font=&#8221;Lato|600|||||||&#8221; text_text_color=&#8221;#FFFFFF&#8221; text_font_size=&#8221;24px&#8221; text_letter_spacing=&#8221;2px&#8221; text_orientation=&#8221;center&#8221; custom_margin=&#8221;||0px||false|false&#8221; custom_padding=&#8221;||0px||false|false&#8221; global_colors_info=&#8221;{}&#8221;]<\/p>\n<p>COSY<\/p>\n<p>[\/et_pb_text][et_pb_text _builder_version=&#8221;4.23&#8243; _module_preset=&#8221;default&#8221; text_font=&#8221;Lato|300|||||||&#8221; text_text_color=&#8221;#FFFFFF&#8221; text_font_size=&#8221;18px&#8221; text_letter_spacing=&#8221;2px&#8221; text_orientation=&#8221;center&#8221; custom_margin=&#8221;||10px||false|false&#8221; global_colors_info=&#8221;{}&#8221;]<\/p>\n<p>K\u00d6ZEPES<\/p>\n<p>[\/et_pb_text][et_pb_icon font_icon=&#8221;&#x33;||divi||400&#8243; icon_color=&#8221;#FFFFFF&#8221; icon_width=&#8221;20px&#8221; _builder_version=&#8221;4.23&#8243; _module_preset=&#8221;default&#8221; border_radii=&#8221;on|2px|2px|2px|2px&#8221; border_width_all=&#8221;3px&#8221; border_color_all=&#8221;#FFFFFF&#8221; global_colors_info=&#8221;{}&#8221;][\/et_pb_icon][\/et_pb_column][et_pb_column type=&#8221;1_3&#8243; _builder_version=&#8221;4.27.4&#8243; _module_preset=&#8221;default&#8221; use_background_color_gradient=&#8221;on&#8221; background_color_gradient_stops=&#8221;rgba(0,0,0,0.2) 0%|rgba(0,0,0,0.2) 100%&#8221; background_color_gradient_overlays_image=&#8221;on&#8221; background_image=&#8221;https:\/\/hotelginbudapest.com\/wp-content\/uploads\/2024\/12\/Hotel-GIN-interior-11.jpg&#8221; custom_padding=&#8221;6%||6%||true|false&#8221; link_option_url=&#8221;https:\/\/hotelginbudapest.com\/hu\/rooms\/grand-room\/&#8221; global_colors_info=&#8221;{}&#8221; background__hover_enabled=&#8221;on|desktop&#8221; background_color_gradient_stops__hover=&#8221;rgba(0,0,0,0.3) 96%|rgba(0,0,0,0.3) 99%&#8221; use_background_color_gradient__hover=&#8221;on&#8221;][et_pb_text _builder_version=&#8221;4.23&#8243; _module_preset=&#8221;default&#8221; text_font=&#8221;Lato|600|||||||&#8221; text_text_color=&#8221;#FFFFFF&#8221; text_font_size=&#8221;24px&#8221; text_letter_spacing=&#8221;2px&#8221; text_orientation=&#8221;center&#8221; custom_margin=&#8221;||0px||false|false&#8221; custom_padding=&#8221;||0px||false|false&#8221; global_colors_info=&#8221;{}&#8221;]<\/p>\n<p>GRAND<\/p>\n<p>[\/et_pb_text][et_pb_text _builder_version=&#8221;4.27.4&#8243; _module_preset=&#8221;default&#8221; text_font=&#8221;Lato|300|||||||&#8221; text_text_color=&#8221;#FFFFFF&#8221; text_font_size=&#8221;18px&#8221; text_letter_spacing=&#8221;2px&#8221; text_orientation=&#8221;center&#8221; custom_margin=&#8221;||10px||false|false&#8221; global_colors_info=&#8221;{}&#8221;]<\/p>\n<p>NAGY + TERASZ<\/p>\n<p>[\/et_pb_text][et_pb_icon font_icon=&#8221;&#x33;||divi||400&#8243; icon_color=&#8221;#FFFFFF&#8221; icon_width=&#8221;20px&#8221; _builder_version=&#8221;4.23&#8243; _module_preset=&#8221;default&#8221; border_radii=&#8221;on|2px|2px|2px|2px&#8221; border_width_all=&#8221;3px&#8221; border_color_all=&#8221;#FFFFFF&#8221; global_colors_info=&#8221;{}&#8221;][\/et_pb_icon][\/et_pb_column][\/et_pb_row][\/et_pb_section]<\/p>\n","protected":false},"excerpt":{"rendered":"<p>COMFYNAGYT\u00e1gas \u00e9s \u00e9l\u00e9nk, ahogyan te szereted. Mindig t\u00f6reksz\u00fcnk arra, hogy a legnagyobb k\u00e9nyelmet biztos\u00edtjuk hotel\u00fcnkben.A Comfy szob\u00e1k az \u00e9p\u00fclet els\u0151 \u00e9s m\u00e1sodik emelet\u00e9n helyezkednek el, nagy belmagass\u00e1g\u00fa szob\u00e1ink, eml\u00e9keztetnek a r\u00e9gi magyar nagypolg\u00e1ri lak\u00e1s\u00e9rzethez. Nagy szekr\u00e9nyek, k\u00e9nyelmes \u00fcl\u0151fel\u00fcletek teszik m\u00e9g k\u00e9nyelmesebb\u00e9 a tart\u00f3zkod\u00e1st.\u25c7 26 m2\u25c7 Ingyenes WIFI\u25c7 Utc\u00e1ra n\u00e9z\u0151 szob\u00e1k\u25c7 Zuhany\u25c7 T\u00f6r\u00f6lk\u00f6z\u0151k \u00e9s hajsz\u00e1t\u00edt\u00f3\u25c7 Sz\u00e9f\u25c7 [&hellip;]<\/p>\n","protected":false},"author":1,"featured_media":0,"parent":578,"menu_order":0,"comment_status":"closed","ping_status":"closed","template":"","meta":{"_et_pb_use_builder":"on","_et_pb_old_content":"","_et_gb_content_width":"","footnotes":""},"class_list":["post-364","page","type-page","status-publish","hentry"],"yoast_head":"<!-- This site is optimized with the Yoast SEO plugin v26.8 - https:\/\/yoast.com\/product\/yoast-seo-wordpress\/ -->\n<title>Comfy room - Hotel Gin Budapest - Sz\u00e1lloda Budapest centrum<\/title>\n<meta name=\"description\" content=\"A Comfy szob\u00e1k nagy belmagass\u00e1g\u00fa szob\u00e1ink, eml\u00e9keztetnek a r\u00e9gi magyar nagypolg\u00e1ri lak\u00e1s\u00e9rzethez. Sz\u00e1lloda, diz\u00e1jnhotel Budapest centrum\u00e1ban.\" \/>\n<meta name=\"robots\" content=\"index, follow, max-snippet:-1, max-image-preview:large, max-video-preview:-1\" \/>\n<link rel=\"canonical\" href=\"https:\/\/hotelginbudapest.com\/hu\/rooms\/comfy-room\/\" \/>\n<meta property=\"og:locale\" content=\"hu_HU\" \/>\n<meta property=\"og:type\" content=\"article\" \/>\n<meta property=\"og:title\" content=\"Comfy room - Hotel Gin Budapest - Sz\u00e1lloda Budapest centrum\" \/>\n<meta property=\"og:description\" content=\"A Comfy szob\u00e1k nagy belmagass\u00e1g\u00fa szob\u00e1ink, eml\u00e9keztetnek a r\u00e9gi magyar nagypolg\u00e1ri lak\u00e1s\u00e9rzethez. Sz\u00e1lloda, diz\u00e1jnhotel Budapest centrum\u00e1ban.\" \/>\n<meta property=\"og:url\" content=\"https:\/\/hotelginbudapest.com\/hu\/rooms\/comfy-room\/\" \/>\n<meta property=\"og:site_name\" content=\"Hotel Gin Budapest\" \/>\n<meta property=\"article:modified_time\" content=\"2025-02-25T15:43:07+00:00\" \/>\n<meta name=\"twitter:card\" content=\"summary_large_image\" \/>\n<meta name=\"twitter:label1\" content=\"Becs\u00fclt olvas\u00e1si id\u0151\" \/>\n\t<meta name=\"twitter:data1\" content=\"3 perc\" \/>\n<script type=\"application\/ld+json\" class=\"yoast-schema-graph\">{\"@context\":\"https:\/\/schema.org\",\"@graph\":[{\"@type\":\"WebPage\",\"@id\":\"https:\/\/hotelginbudapest.com\/hu\/rooms\/comfy-room\/\",\"url\":\"https:\/\/hotelginbudapest.com\/hu\/rooms\/comfy-room\/\",\"name\":\"Comfy room - Hotel Gin Budapest - Sz\u00e1lloda Budapest centrum\",\"isPartOf\":{\"@id\":\"https:\/\/hotelginbudapest.com\/#website\"},\"datePublished\":\"2023-10-31T10:51:24+00:00\",\"dateModified\":\"2025-02-25T15:43:07+00:00\",\"description\":\"A Comfy szob\u00e1k nagy belmagass\u00e1g\u00fa szob\u00e1ink, eml\u00e9keztetnek a r\u00e9gi magyar nagypolg\u00e1ri lak\u00e1s\u00e9rzethez. Sz\u00e1lloda, diz\u00e1jnhotel Budapest centrum\u00e1ban.\",\"breadcrumb\":{\"@id\":\"https:\/\/hotelginbudapest.com\/hu\/rooms\/comfy-room\/#breadcrumb\"},\"inLanguage\":\"hu\",\"potentialAction\":[{\"@type\":\"ReadAction\",\"target\":[\"https:\/\/hotelginbudapest.com\/hu\/rooms\/comfy-room\/\"]}]},{\"@type\":\"BreadcrumbList\",\"@id\":\"https:\/\/hotelginbudapest.com\/hu\/rooms\/comfy-room\/#breadcrumb\",\"itemListElement\":[{\"@type\":\"ListItem\",\"position\":1,\"name\":\"Home\",\"item\":\"https:\/\/hotelginbudapest.com\/hu\/\"},{\"@type\":\"ListItem\",\"position\":2,\"name\":\"Rooms\",\"item\":\"https:\/\/hotelginbudapest.com\/hu\/rooms\/\"},{\"@type\":\"ListItem\",\"position\":3,\"name\":\"Comfy room\"}]},{\"@type\":\"WebSite\",\"@id\":\"https:\/\/hotelginbudapest.com\/#website\",\"url\":\"https:\/\/hotelginbudapest.com\/\",\"name\":\"Hotel Gin Budapest\",\"description\":\"\",\"potentialAction\":[{\"@type\":\"SearchAction\",\"target\":{\"@type\":\"EntryPoint\",\"urlTemplate\":\"https:\/\/hotelginbudapest.com\/?s={search_term_string}\"},\"query-input\":{\"@type\":\"PropertyValueSpecification\",\"valueRequired\":true,\"valueName\":\"search_term_string\"}}],\"inLanguage\":\"hu\"}]}<\/script>\n<!-- \/ Yoast SEO plugin. -->","yoast_head_json":{"title":"Comfy room - Hotel Gin Budapest - Sz\u00e1lloda Budapest centrum","description":"A Comfy szob\u00e1k nagy belmagass\u00e1g\u00fa szob\u00e1ink, eml\u00e9keztetnek a r\u00e9gi magyar nagypolg\u00e1ri lak\u00e1s\u00e9rzethez. Sz\u00e1lloda, diz\u00e1jnhotel Budapest centrum\u00e1ban.","robots":{"index":"index","follow":"follow","max-snippet":"max-snippet:-1","max-image-preview":"max-image-preview:large","max-video-preview":"max-video-preview:-1"},"canonical":"https:\/\/hotelginbudapest.com\/hu\/rooms\/comfy-room\/","og_locale":"hu_HU","og_type":"article","og_title":"Comfy room - Hotel Gin Budapest - Sz\u00e1lloda Budapest centrum","og_description":"A Comfy szob\u00e1k nagy belmagass\u00e1g\u00fa szob\u00e1ink, eml\u00e9keztetnek a r\u00e9gi magyar nagypolg\u00e1ri lak\u00e1s\u00e9rzethez. Sz\u00e1lloda, diz\u00e1jnhotel Budapest centrum\u00e1ban.","og_url":"https:\/\/hotelginbudapest.com\/hu\/rooms\/comfy-room\/","og_site_name":"Hotel Gin Budapest","article_modified_time":"2025-02-25T15:43:07+00:00","twitter_card":"summary_large_image","twitter_misc":{"Becs\u00fclt olvas\u00e1si id\u0151":"3 perc"},"schema":{"@context":"https:\/\/schema.org","@graph":[{"@type":"WebPage","@id":"https:\/\/hotelginbudapest.com\/hu\/rooms\/comfy-room\/","url":"https:\/\/hotelginbudapest.com\/hu\/rooms\/comfy-room\/","name":"Comfy room - Hotel Gin Budapest - Sz\u00e1lloda Budapest centrum","isPartOf":{"@id":"https:\/\/hotelginbudapest.com\/#website"},"datePublished":"2023-10-31T10:51:24+00:00","dateModified":"2025-02-25T15:43:07+00:00","description":"A Comfy szob\u00e1k nagy belmagass\u00e1g\u00fa szob\u00e1ink, eml\u00e9keztetnek a r\u00e9gi magyar nagypolg\u00e1ri lak\u00e1s\u00e9rzethez. Sz\u00e1lloda, diz\u00e1jnhotel Budapest centrum\u00e1ban.","breadcrumb":{"@id":"https:\/\/hotelginbudapest.com\/hu\/rooms\/comfy-room\/#breadcrumb"},"inLanguage":"hu","potentialAction":[{"@type":"ReadAction","target":["https:\/\/hotelginbudapest.com\/hu\/rooms\/comfy-room\/"]}]},{"@type":"BreadcrumbList","@id":"https:\/\/hotelginbudapest.com\/hu\/rooms\/comfy-room\/#breadcrumb","itemListElement":[{"@type":"ListItem","position":1,"name":"Home","item":"https:\/\/hotelginbudapest.com\/hu\/"},{"@type":"ListItem","position":2,"name":"Rooms","item":"https:\/\/hotelginbudapest.com\/hu\/rooms\/"},{"@type":"ListItem","position":3,"name":"Comfy room"}]},{"@type":"WebSite","@id":"https:\/\/hotelginbudapest.com\/#website","url":"https:\/\/hotelginbudapest.com\/","name":"Hotel Gin Budapest","description":"","potentialAction":[{"@type":"SearchAction","target":{"@type":"EntryPoint","urlTemplate":"https:\/\/hotelginbudapest.com\/?s={search_term_string}"},"query-input":{"@type":"PropertyValueSpecification","valueRequired":true,"valueName":"search_term_string"}}],"inLanguage":"hu"}]}},"_links":{"self":[{"href":"https:\/\/hotelginbudapest.com\/hu\/wp-json\/wp\/v2\/pages\/364","targetHints":{"allow":["GET"]}}],"collection":[{"href":"https:\/\/hotelginbudapest.com\/hu\/wp-json\/wp\/v2\/pages"}],"about":[{"href":"https:\/\/hotelginbudapest.com\/hu\/wp-json\/wp\/v2\/types\/page"}],"author":[{"embeddable":true,"href":"https:\/\/hotelginbudapest.com\/hu\/wp-json\/wp\/v2\/users\/1"}],"replies":[{"embeddable":true,"href":"https:\/\/hotelginbudapest.com\/hu\/wp-json\/wp\/v2\/comments?post=364"}],"version-history":[{"count":22,"href":"https:\/\/hotelginbudapest.com\/hu\/wp-json\/wp\/v2\/pages\/364\/revisions"}],"predecessor-version":[{"id":2680,"href":"https:\/\/hotelginbudapest.com\/hu\/wp-json\/wp\/v2\/pages\/364\/revisions\/2680"}],"up":[{"embeddable":true,"href":"https:\/\/hotelginbudapest.com\/hu\/wp-json\/wp\/v2\/pages\/578"}],"wp:attachment":[{"href":"https:\/\/hotelginbudapest.com\/hu\/wp-json\/wp\/v2\/media?parent=364"}],"curies":[{"name":"wp","href":"https:\/\/api.w.org\/{rel}","templated":true}]}}